{"id":9973,"date":"2025-08-08T11:02:19","date_gmt":"2025-08-08T09:02:19","guid":{"rendered":"https:\/\/lifelessonslearning.hu\/?page_id=9973"},"modified":"2025-08-08T12:00:43","modified_gmt":"2025-08-08T10:00:43","slug":"csapatunk","status":"publish","type":"page","link":"https:\/\/lifelessonslearning.hu\/en\/csapatunk\/","title":{"rendered":"Behind the Scenes"},"content":{"rendered":"<p class=\"translation-block\"><strong>Eszter Karakai<\/strong> \u2013 the creator of the method, author and instructor of the courses<\/p>\n\n\n\n<p class=\"translation-block\"><strong>Ariel Szabo<\/strong> \u2013 webdesigner<\/p>\n\n\n\n<p class=\"translation-block\"><strong>Philip Biro<\/strong> \u2013 fellow instructor, proofreader for the website and courses<\/p>\n\n\n\n<p class=\"translation-block\"><strong>Rebeca K\u00f3sz\u00f3<\/strong> \u2013 co-creator of creatives and advertising materials, beta tester for courses<\/p>\n\n\n\n<p class=\"translation-block\"><strong>Andrea M\u00e9sz\u00e1ros<\/strong> \u2013 social media manager<\/p>","protected":false},"excerpt":{"rendered":"<p>Karakai Eszter &#8211; a m\u00f3dszer meg\u00e1lmod\u00f3ja, a kurzusok szerz\u0151je \u00e9s oktat\u00f3ja Szab\u00f3 Ariel &#8211; webdesigner B\u00edr\u00f3 Philip &#8211; t\u00e1rsoktat\u00f3, a honlap \u00e9s a kurzusok nyelvi lektora K\u00f3sz\u00f3 Rebeka &#8211; kreat\u00edvok, rekl\u00e1manyagok t\u00e1rsalkot\u00f3ja, a kurzusok b\u00e9tatesztel\u0151je M\u00e9sz\u00e1ros Andrea &#8211; k\u00f6z\u00f6ss\u00e9gi m\u00e9dia menedzser<\/p>","protected":false},"author":1,"featured_media":0,"parent":0,"menu_order":0,"comment_status":"closed","ping_status":"closed","template":"","meta":{"footnotes":""},"class_list":["post-9973","page","type-page","status-publish"],"yoast_head":"<!-- This site is optimized with the Yoast SEO plugin v25.3 - https:\/\/yoast.com\/wordpress\/plugins\/seo\/ -->\n<title>Csapatunk - Life Lessons Learning<\/title>\n<meta name=\"robots\" content=\"index, follow, max-snippet:-1, max-image-preview:large, max-video-preview:-1\" \/>\n<link rel=\"canonical\" href=\"https:\/\/lifelessonslearning.hu\/en\/csapatunk\/\" \/>\n<meta property=\"og:locale\" content=\"en_GB\" \/>\n<meta property=\"og:type\" content=\"article\" \/>\n<meta property=\"og:title\" content=\"Csapatunk - Life Lessons Learning\" \/>\n<meta property=\"og:description\" content=\"Karakai Eszter &#8211; a m\u00f3dszer meg\u00e1lmod\u00f3ja, a kurzusok szerz\u0151je \u00e9s oktat\u00f3ja Szab\u00f3 Ariel &#8211; webdesigner B\u00edr\u00f3 Philip &#8211; t\u00e1rsoktat\u00f3, a honlap \u00e9s a kurzusok nyelvi lektora K\u00f3sz\u00f3 Rebeka &#8211; kreat\u00edvok, rekl\u00e1manyagok t\u00e1rsalkot\u00f3ja, a kurzusok b\u00e9tatesztel\u0151je M\u00e9sz\u00e1ros Andrea &#8211; k\u00f6z\u00f6ss\u00e9gi m\u00e9dia menedzser\" \/>\n<meta property=\"og:url\" content=\"https:\/\/lifelessonslearning.hu\/en\/csapatunk\/\" \/>\n<meta property=\"og:site_name\" content=\"Life Lessons Learning\" \/>\n<meta property=\"article:modified_time\" content=\"2025-08-08T10:00:43+00:00\" \/>\n<meta name=\"twitter:card\" content=\"summary_large_image\" \/>\n<meta name=\"twitter:label1\" content=\"Estimated reading time\" \/>\n\t<meta name=\"twitter:data1\" content=\"1 minute\" \/>\n<script type=\"application\/ld+json\" class=\"yoast-schema-graph\">{\"@context\":\"https:\/\/schema.org\",\"@graph\":[{\"@type\":\"WebPage\",\"@id\":\"https:\/\/lifelessonslearning.hu\/csapatunk\/\",\"url\":\"https:\/\/lifelessonslearning.hu\/csapatunk\/\",\"name\":\"Csapatunk - Life Lessons Learning\",\"isPartOf\":{\"@id\":\"https:\/\/lifelessonslearning.hu\/#website\"},\"datePublished\":\"2025-08-08T09:02:19+00:00\",\"dateModified\":\"2025-08-08T10:00:43+00:00\",\"breadcrumb\":{\"@id\":\"https:\/\/lifelessonslearning.hu\/csapatunk\/#breadcrumb\"},\"inLanguage\":\"en-GB\",\"potentialAction\":[{\"@type\":\"ReadAction\",\"target\":[\"https:\/\/lifelessonslearning.hu\/csapatunk\/\"]}]},{\"@type\":\"BreadcrumbList\",\"@id\":\"https:\/\/lifelessonslearning.hu\/csapatunk\/#breadcrumb\",\"itemListElement\":[{\"@type\":\"ListItem\",\"position\":1,\"name\":\"Kezd\u0151lap\",\"item\":\"https:\/\/lifelessonslearning.hu\/\"},{\"@type\":\"ListItem\",\"position\":2,\"name\":\"Csapatunk\"}]},{\"@type\":\"WebSite\",\"@id\":\"https:\/\/lifelessonslearning.hu\/#website\",\"url\":\"https:\/\/lifelessonslearning.hu\/\",\"name\":\"Life Lessons Learning\",\"description\":\"T\u00f6rt\u00e9netalap\u00fa nyelvoktat\u00e1s fiataloknak. Filmekkel, vide\u00f3kkal, reg\u00e9nyekkel \u00e9s zen\u00e9vel angolul.\",\"publisher\":{\"@id\":\"https:\/\/lifelessonslearning.hu\/#organization\"},\"potentialAction\":[{\"@type\":\"SearchAction\",\"target\":{\"@type\":\"EntryPoint\",\"urlTemplate\":\"https:\/\/lifelessonslearning.hu\/?s={search_term_string}\"},\"query-input\":{\"@type\":\"PropertyValueSpecification\",\"valueRequired\":true,\"valueName\":\"search_term_string\"}}],\"inLanguage\":\"en-GB\"},{\"@type\":\"Organization\",\"@id\":\"https:\/\/lifelessonslearning.hu\/#organization\",\"name\":\"Life Lessons Learning\",\"url\":\"https:\/\/lifelessonslearning.hu\/\",\"logo\":{\"@type\":\"ImageObject\",\"inLanguage\":\"en-GB\",\"@id\":\"https:\/\/lifelessonslearning.hu\/#\/schema\/logo\/image\/\",\"url\":\"https:\/\/lifelessonslearning.hu\/wp-content\/uploads\/2024\/03\/logo-new.png\",\"contentUrl\":\"https:\/\/lifelessonslearning.hu\/wp-content\/uploads\/2024\/03\/logo-new.png\",\"width\":355,\"height\":93,\"caption\":\"Life Lessons Learning\"},\"image\":{\"@id\":\"https:\/\/lifelessonslearning.hu\/#\/schema\/logo\/image\/\"}}]}<\/script>\n<!-- \/ Yoast SEO plugin. -->","yoast_head_json":{"title":"Csapatunk - Life Lessons Learning","robots":{"index":"index","follow":"follow","max-snippet":"max-snippet:-1","max-image-preview":"max-image-preview:large","max-video-preview":"max-video-preview:-1"},"canonical":"https:\/\/lifelessonslearning.hu\/en\/csapatunk\/","og_locale":"en_GB","og_type":"article","og_title":"Csapatunk - Life Lessons Learning","og_description":"Karakai Eszter &#8211; a m\u00f3dszer meg\u00e1lmod\u00f3ja, a kurzusok szerz\u0151je \u00e9s oktat\u00f3ja Szab\u00f3 Ariel &#8211; webdesigner B\u00edr\u00f3 Philip &#8211; t\u00e1rsoktat\u00f3, a honlap \u00e9s a kurzusok nyelvi lektora K\u00f3sz\u00f3 Rebeka &#8211; kreat\u00edvok, rekl\u00e1manyagok t\u00e1rsalkot\u00f3ja, a kurzusok b\u00e9tatesztel\u0151je M\u00e9sz\u00e1ros Andrea &#8211; k\u00f6z\u00f6ss\u00e9gi m\u00e9dia menedzser","og_url":"https:\/\/lifelessonslearning.hu\/en\/csapatunk\/","og_site_name":"Life Lessons Learning","article_modified_time":"2025-08-08T10:00:43+00:00","twitter_card":"summary_large_image","twitter_misc":{"Estimated reading time":"1 minute"},"schema":{"@context":"https:\/\/schema.org","@graph":[{"@type":"WebPage","@id":"https:\/\/lifelessonslearning.hu\/csapatunk\/","url":"https:\/\/lifelessonslearning.hu\/csapatunk\/","name":"Csapatunk - Life Lessons Learning","isPartOf":{"@id":"https:\/\/lifelessonslearning.hu\/#website"},"datePublished":"2025-08-08T09:02:19+00:00","dateModified":"2025-08-08T10:00:43+00:00","breadcrumb":{"@id":"https:\/\/lifelessonslearning.hu\/csapatunk\/#breadcrumb"},"inLanguage":"en-GB","potentialAction":[{"@type":"ReadAction","target":["https:\/\/lifelessonslearning.hu\/csapatunk\/"]}]},{"@type":"BreadcrumbList","@id":"https:\/\/lifelessonslearning.hu\/csapatunk\/#breadcrumb","itemListElement":[{"@type":"ListItem","position":1,"name":"Kezd\u0151lap","item":"https:\/\/lifelessonslearning.hu\/"},{"@type":"ListItem","position":2,"name":"Csapatunk"}]},{"@type":"WebSite","@id":"https:\/\/lifelessonslearning.hu\/#website","url":"https:\/\/lifelessonslearning.hu\/","name":"Life Lessons Learning","description":"T\u00f6rt\u00e9netalap\u00fa nyelvoktat\u00e1s fiataloknak. Filmekkel, vide\u00f3kkal, reg\u00e9nyekkel \u00e9s zen\u00e9vel angolul.","publisher":{"@id":"https:\/\/lifelessonslearning.hu\/#organization"},"potentialAction":[{"@type":"SearchAction","target":{"@type":"EntryPoint","urlTemplate":"https:\/\/lifelessonslearning.hu\/?s={search_term_string}"},"query-input":{"@type":"PropertyValueSpecification","valueRequired":true,"valueName":"search_term_string"}}],"inLanguage":"en-GB"},{"@type":"Organization","@id":"https:\/\/lifelessonslearning.hu\/#organization","name":"Life Lessons Learning","url":"https:\/\/lifelessonslearning.hu\/","logo":{"@type":"ImageObject","inLanguage":"en-GB","@id":"https:\/\/lifelessonslearning.hu\/#\/schema\/logo\/image\/","url":"https:\/\/lifelessonslearning.hu\/wp-content\/uploads\/2024\/03\/logo-new.png","contentUrl":"https:\/\/lifelessonslearning.hu\/wp-content\/uploads\/2024\/03\/logo-new.png","width":355,"height":93,"caption":"Life Lessons Learning"},"image":{"@id":"https:\/\/lifelessonslearning.hu\/#\/schema\/logo\/image\/"}}]}},"_links":{"self":[{"href":"https:\/\/lifelessonslearning.hu\/en\/wp-json\/wp\/v2\/pages\/9973","targetHints":{"allow":["GET"]}}],"collection":[{"href":"https:\/\/lifelessonslearning.hu\/en\/wp-json\/wp\/v2\/pages"}],"about":[{"href":"https:\/\/lifelessonslearning.hu\/en\/wp-json\/wp\/v2\/types\/page"}],"author":[{"embeddable":true,"href":"https:\/\/lifelessonslearning.hu\/en\/wp-json\/wp\/v2\/users\/1"}],"replies":[{"embeddable":true,"href":"https:\/\/lifelessonslearning.hu\/en\/wp-json\/wp\/v2\/comments?post=9973"}],"version-history":[{"count":4,"href":"https:\/\/lifelessonslearning.hu\/en\/wp-json\/wp\/v2\/pages\/9973\/revisions"}],"predecessor-version":[{"id":9978,"href":"https:\/\/lifelessonslearning.hu\/en\/wp-json\/wp\/v2\/pages\/9973\/revisions\/9978"}],"wp:attachment":[{"href":"https:\/\/lifelessonslearning.hu\/en\/wp-json\/wp\/v2\/media?parent=9973"}],"curies":[{"name":"wp","href":"https:\/\/api.w.org\/{rel}","templated":true}]}}