{"id":67,"date":"2022-01-02T19:54:26","date_gmt":"2022-01-02T19:54:26","guid":{"rendered":"https:\/\/lifelessonslearning.hu\/?page_id=67"},"modified":"2025-07-16T19:12:39","modified_gmt":"2025-07-16T17:12:39","slug":"tanaraink","status":"publish","type":"page","link":"https:\/\/lifelessonslearning.hu\/en\/tanaraink\/","title":{"rendered":"Meet our instructors"},"content":{"rendered":"<p>Meet your future course instructors!<\/p>\n\n\n\n<p>You can book live sessions with either the program\u2019s founder or a fellow instructor \u2013 we both teach through the same story-based approach.<\/p>\n\n\n\n<div class=\"wp-block-columns alignfull is-layout-flex wp-container-core-columns-is-layout-9d6595d7 wp-block-columns-is-layout-flex\">\n<div class=\"wp-block-column is-layout-flow wp-block-column-is-layout-flow\"><\/div>\n\n\n\n<div class=\"wp-block-column is-layout-flow wp-block-column-is-layout-flow\"><\/div>\n<\/div>\n\n\n<div class=\"wp-block-image\">\n<figure class=\"aligncenter size-large is-resized\"><img fetchpriority=\"high\" decoding=\"async\" width=\"681\" height=\"1024\" src=\"https:\/\/lifelessonslearning.hu\/wp-content\/uploads\/2022\/06\/DSC_1v-edited-1-681x1024.jpg\" alt=\"\" class=\"wp-image-287\" style=\"width:123px;height:auto\" srcset=\"https:\/\/lifelessonslearning.hu\/wp-content\/uploads\/2022\/06\/DSC_1v-edited-1-681x1024.jpg 681w, https:\/\/lifelessonslearning.hu\/wp-content\/uploads\/2022\/06\/DSC_1v-edited-1-199x300.jpg 199w, https:\/\/lifelessonslearning.hu\/wp-content\/uploads\/2022\/06\/DSC_1v-edited-1-768x1156.jpg 768w, https:\/\/lifelessonslearning.hu\/wp-content\/uploads\/2022\/06\/DSC_1v-edited-1-1021x1536.jpg 1021w, https:\/\/lifelessonslearning.hu\/wp-content\/uploads\/2022\/06\/DSC_1v-edited-1-1361x2048.jpg 1361w, https:\/\/lifelessonslearning.hu\/wp-content\/uploads\/2022\/06\/DSC_1v-edited-1-1140x1715.jpg 1140w, https:\/\/lifelessonslearning.hu\/wp-content\/uploads\/2022\/06\/DSC_1v-edited-1-scaled.jpg 1701w\" sizes=\"(max-width: 681px) 100vw, 681px\" \/><\/figure>\n<\/div>\n\n\n<p><\/p>\n\n\n\n<p class=\"has-text-align-center\"><strong>Eszter Karakai \u2013 founding instructor<\/strong><\/p>\n\n\n\n<p><br>After getting my degree in English, I was looking for a new, fun way to teach languages instead of the traditional way. This led me to create my own method that builds on the power of stories. The programme not only helps with language learning but also helps you get to know yourself better: it makes learning languages a personal experience through creative writing and speaking exercises that help you reflect on yourself.<\/p>\n\n\n\n<p>I have been writing since childhood, and music has always played an important role in my life. I have studied music for years and still actively play an instrument today. For me, stories and melodies go hand in hand \u2013 this is also reflected in my musical novel series, which is available nationwide and has already inspired many young people.<\/p>\n\n\n\n<p>In my lessons, I take a creative approach and aim to create a friendly, supportive atmosphere where you feel safe, encouraged to open up, and free to express yourself.<\/p>\n\n\n\n<p><\/p>\n\n\n\n<p><\/p>\n\n\n\n<p><\/p>\n\n\n<div class=\"wp-block-image\">\n<figure class=\"aligncenter size-large is-resized\"><img decoding=\"async\" width=\"728\" height=\"1024\" src=\"https:\/\/lifelessonslearning.hu\/wp-content\/uploads\/2025\/06\/att.Ec_CYohtU61bnlW-0VK24RTuaR365xDJ0rDRp-vQ7Zc-728x1024.jpeg\" alt=\"\" class=\"wp-image-9588\" style=\"width:144px;height:auto\" srcset=\"https:\/\/lifelessonslearning.hu\/wp-content\/uploads\/2025\/06\/att.Ec_CYohtU61bnlW-0VK24RTuaR365xDJ0rDRp-vQ7Zc-728x1024.jpeg 728w, https:\/\/lifelessonslearning.hu\/wp-content\/uploads\/2025\/06\/att.Ec_CYohtU61bnlW-0VK24RTuaR365xDJ0rDRp-vQ7Zc-213x300.jpeg 213w, https:\/\/lifelessonslearning.hu\/wp-content\/uploads\/2025\/06\/att.Ec_CYohtU61bnlW-0VK24RTuaR365xDJ0rDRp-vQ7Zc-768x1080.jpeg 768w, https:\/\/lifelessonslearning.hu\/wp-content\/uploads\/2025\/06\/att.Ec_CYohtU61bnlW-0VK24RTuaR365xDJ0rDRp-vQ7Zc-1092x1536.jpeg 1092w, https:\/\/lifelessonslearning.hu\/wp-content\/uploads\/2025\/06\/att.Ec_CYohtU61bnlW-0VK24RTuaR365xDJ0rDRp-vQ7Zc-9x12.jpeg 9w, https:\/\/lifelessonslearning.hu\/wp-content\/uploads\/2025\/06\/att.Ec_CYohtU61bnlW-0VK24RTuaR365xDJ0rDRp-vQ7Zc-36x50.jpeg 36w, https:\/\/lifelessonslearning.hu\/wp-content\/uploads\/2025\/06\/att.Ec_CYohtU61bnlW-0VK24RTuaR365xDJ0rDRp-vQ7Zc-71x100.jpeg 71w, https:\/\/lifelessonslearning.hu\/wp-content\/uploads\/2025\/06\/att.Ec_CYohtU61bnlW-0VK24RTuaR365xDJ0rDRp-vQ7Zc.jpeg 1456w\" sizes=\"(max-width: 728px) 100vw, 728px\" \/><\/figure>\n<\/div>\n\n\n<p><\/p>\n\n\n\n<p class=\"has-text-align-center\"><strong>Philip Biro \u2013 fellow instructor<\/strong><\/p>\n\n\n\n<p>As an English teacher, my passion is helping people speak with confidence and ease. I was born in Transylvania and moved to the UK at the age of eight, so I bring a unique cultural perspective and over 17 years of British experience to my lessons.<\/p>\n\n\n\n<p>I studied and worked in Oxford and hold a degree in social work. These days, I focus on relaxed, conversation-based language practice. Whether you're preparing for work, travel, any kind of topics \u2014 or just want to chat more freely in English \u2014 I'm here to support your goals.<\/p>\n\n\n\n<p>As an extroverted musical performer and photographer, I love bringing creativity and humor into my sessions to make learning feel light and enjoyable.<\/p>\n\n\n\n<p>I can\u2019t wait to meet you and support your journey!<\/p>\n\n\n\n<h6 class=\"wp-block-heading alignwide has-text-align-center\"><\/h6>\n\n\n<div class=\"wp-block-image\">\n<figure class=\"aligncenter size-full is-resized\"><img decoding=\"async\" width=\"63\" height=\"64\" src=\"https:\/\/lifelessonslearning.hu\/wp-content\/uploads\/2025\/06\/lifelessonslepke.png\" alt=\"\" class=\"wp-image-9562\" style=\"width:35px;height:auto\" srcset=\"https:\/\/lifelessonslearning.hu\/wp-content\/uploads\/2025\/06\/lifelessonslepke.png 63w, https:\/\/lifelessonslearning.hu\/wp-content\/uploads\/2025\/06\/lifelessonslepke-12x12.png 12w, https:\/\/lifelessonslearning.hu\/wp-content\/uploads\/2025\/06\/lifelessonslepke-40x40.png 40w, https:\/\/lifelessonslearning.hu\/wp-content\/uploads\/2025\/06\/lifelessonslepke-50x50.png 50w\" sizes=\"(max-width: 63px) 100vw, 63px\" \/><\/figure>\n<\/div>\n\n\n<p><\/p>\n\n\n\n<p class=\"translation-block\">We believe in change, the importance of self-awareness, and the power of faith. We trust that with perseverance and confidence in yourself, your boldest dreams can come true \u2014 and on your own path, you\u2019ll be able to soar. We believe in the power of stories, which open new worlds for you. And most of all: we believe in <strong>You<\/strong>.<\/p>\n\n\n\n<p><\/p>\n\n\n\n<p><strong>Just a reminder:<\/strong><em> Remember, your grades don\u2019t define who you are. It\u2019s important to learn and grow, but the most important thing is to love who you are and enjoy the journey. There are many paths to reach your goals, and you are worth far more than any grade. A bright future awaits you!<\/em><\/p>\n\n\n\n<p><\/p>\n\n\n\n<p><\/p>\n\n\n\n<blockquote class=\"wp-block-quote has-text-align-center is-style-default is-layout-flow wp-block-quote-is-layout-flow\">\n<p class=\"has-text-align-center\">         &#8222;Ha k\u00e9pes vagy meg\u00e1lmodni, k\u00e9pes vagy megtenni.&#8221; &#8211; Walt Disney<\/p>\n<\/blockquote>\n\n\n\n<p><\/p>","protected":false},"excerpt":{"rendered":"<p>Ismerd meg, kik v\u00e1rnak r\u00e1d a kurzus sor\u00e1n! Online egy\u00e9ni \u00f3r\u00e1kon tal\u00e1lkozhatsz k\u00e9pzett \u00e9s anyanyelvi oktat\u00f3inkkal, akik ugyanazt a t\u00f6rt\u00e9netalap\u00fa tematik\u00e1t k\u00f6vetik. Karakai Eszter \u2013 alap\u00edt\u00f3 oktat\u00f3 Angol szakos diplom\u00e1m megszerz\u00e9se ut\u00e1n egy \u00faj, \u00e9lm\u00e9nyalap\u00fa m\u00f3dszert kerestem a hagyom\u00e1nyos nyelvoktat\u00e1s helyett. Ez ind\u00edtott el egy saj\u00e1t m\u00f3dszer kidolgoz\u00e1s\u00e1ban, amely a t\u00f6rt\u00e9netek erej\u00e9re \u00e9p\u00edt. A program &#8230; <a title=\"Meet our instructors\" class=\"read-more\" href=\"https:\/\/lifelessonslearning.hu\/en\/tanaraink\/\" aria-label=\"Read more about Oktat\u00f3ink\">Read more<\/a><\/p>","protected":false},"author":1,"featured_media":0,"parent":0,"menu_order":0,"comment_status":"closed","ping_status":"closed","template":"","meta":{"footnotes":""},"class_list":["post-67","page","type-page","status-publish"],"yoast_head":"<!-- This site is optimized with the Yoast SEO plugin v25.3 - https:\/\/yoast.com\/wordpress\/plugins\/seo\/ -->\n<title>Oktat\u00f3ink - Life Lessons Learning<\/title>\n<meta name=\"robots\" content=\"index, follow, max-snippet:-1, max-image-preview:large, max-video-preview:-1\" \/>\n<link rel=\"canonical\" href=\"https:\/\/lifelessonslearning.hu\/en\/tanaraink\/\" \/>\n<meta property=\"og:locale\" content=\"en_GB\" \/>\n<meta property=\"og:type\" content=\"article\" \/>\n<meta property=\"og:title\" content=\"Oktat\u00f3ink - Life Lessons Learning\" \/>\n<meta property=\"og:description\" content=\"Ismerd meg, kik v\u00e1rnak r\u00e1d a kurzus sor\u00e1n! Online egy\u00e9ni \u00f3r\u00e1kon tal\u00e1lkozhatsz k\u00e9pzett \u00e9s anyanyelvi oktat\u00f3inkkal, akik ugyanazt a t\u00f6rt\u00e9netalap\u00fa tematik\u00e1t k\u00f6vetik. Karakai Eszter \u2013 alap\u00edt\u00f3 oktat\u00f3 Angol szakos diplom\u00e1m megszerz\u00e9se ut\u00e1n egy \u00faj, \u00e9lm\u00e9nyalap\u00fa m\u00f3dszert kerestem a hagyom\u00e1nyos nyelvoktat\u00e1s helyett. Ez ind\u00edtott el egy saj\u00e1t m\u00f3dszer kidolgoz\u00e1s\u00e1ban, amely a t\u00f6rt\u00e9netek erej\u00e9re \u00e9p\u00edt. A program ... Read more\" \/>\n<meta property=\"og:url\" content=\"https:\/\/lifelessonslearning.hu\/en\/tanaraink\/\" \/>\n<meta property=\"og:site_name\" content=\"Life Lessons Learning\" \/>\n<meta property=\"article:modified_time\" content=\"2025-07-16T17:12:39+00:00\" \/>\n<meta property=\"og:image\" content=\"https:\/\/lifelessonslearning.hu\/wp-content\/uploads\/2022\/06\/DSC_1v-edited-1-scaled.jpg\" \/>\n\t<meta property=\"og:image:width\" content=\"1701\" \/>\n\t<meta property=\"og:image:height\" content=\"2560\" \/>\n\t<meta property=\"og:image:type\" content=\"image\/jpeg\" \/>\n<meta name=\"twitter:card\" content=\"summary_large_image\" \/>\n<meta name=\"twitter:label1\" content=\"Estimated reading time\" \/>\n\t<meta name=\"twitter:data1\" content=\"3 minutes\" \/>\n<script type=\"application\/ld+json\" class=\"yoast-schema-graph\">{\"@context\":\"https:\/\/schema.org\",\"@graph\":[{\"@type\":\"WebPage\",\"@id\":\"https:\/\/lifelessonslearning.hu\/tanaraink\/\",\"url\":\"https:\/\/lifelessonslearning.hu\/tanaraink\/\",\"name\":\"Oktat\u00f3ink - Life Lessons Learning\",\"isPartOf\":{\"@id\":\"https:\/\/lifelessonslearning.hu\/#website\"},\"primaryImageOfPage\":{\"@id\":\"https:\/\/lifelessonslearning.hu\/tanaraink\/#primaryimage\"},\"image\":{\"@id\":\"https:\/\/lifelessonslearning.hu\/tanaraink\/#primaryimage\"},\"thumbnailUrl\":\"https:\/\/lifelessonslearning.hu\/wp-content\/uploads\/2022\/06\/DSC_1v-edited-1-681x1024.jpg\",\"datePublished\":\"2022-01-02T19:54:26+00:00\",\"dateModified\":\"2025-07-16T17:12:39+00:00\",\"breadcrumb\":{\"@id\":\"https:\/\/lifelessonslearning.hu\/tanaraink\/#breadcrumb\"},\"inLanguage\":\"en-GB\",\"potentialAction\":[{\"@type\":\"ReadAction\",\"target\":[\"https:\/\/lifelessonslearning.hu\/tanaraink\/\"]}]},{\"@type\":\"ImageObject\",\"inLanguage\":\"en-GB\",\"@id\":\"https:\/\/lifelessonslearning.hu\/tanaraink\/#primaryimage\",\"url\":\"https:\/\/lifelessonslearning.hu\/wp-content\/uploads\/2022\/06\/DSC_1v-edited-1-681x1024.jpg\",\"contentUrl\":\"https:\/\/lifelessonslearning.hu\/wp-content\/uploads\/2022\/06\/DSC_1v-edited-1-681x1024.jpg\"},{\"@type\":\"BreadcrumbList\",\"@id\":\"https:\/\/lifelessonslearning.hu\/tanaraink\/#breadcrumb\",\"itemListElement\":[{\"@type\":\"ListItem\",\"position\":1,\"name\":\"Kezd\u0151lap\",\"item\":\"https:\/\/lifelessonslearning.hu\/\"},{\"@type\":\"ListItem\",\"position\":2,\"name\":\"Oktat\u00f3ink\"}]},{\"@type\":\"WebSite\",\"@id\":\"https:\/\/lifelessonslearning.hu\/#website\",\"url\":\"https:\/\/lifelessonslearning.hu\/\",\"name\":\"Life Lessons Learning\",\"description\":\"T\u00f6rt\u00e9netalap\u00fa nyelvoktat\u00e1s fiataloknak. Filmekkel, vide\u00f3kkal, reg\u00e9nyekkel \u00e9s zen\u00e9vel angolul.\",\"publisher\":{\"@id\":\"https:\/\/lifelessonslearning.hu\/#organization\"},\"potentialAction\":[{\"@type\":\"SearchAction\",\"target\":{\"@type\":\"EntryPoint\",\"urlTemplate\":\"https:\/\/lifelessonslearning.hu\/?s={search_term_string}\"},\"query-input\":{\"@type\":\"PropertyValueSpecification\",\"valueRequired\":true,\"valueName\":\"search_term_string\"}}],\"inLanguage\":\"en-GB\"},{\"@type\":\"Organization\",\"@id\":\"https:\/\/lifelessonslearning.hu\/#organization\",\"name\":\"Life Lessons Learning\",\"url\":\"https:\/\/lifelessonslearning.hu\/\",\"logo\":{\"@type\":\"ImageObject\",\"inLanguage\":\"en-GB\",\"@id\":\"https:\/\/lifelessonslearning.hu\/#\/schema\/logo\/image\/\",\"url\":\"https:\/\/lifelessonslearning.hu\/wp-content\/uploads\/2024\/03\/logo-new.png\",\"contentUrl\":\"https:\/\/lifelessonslearning.hu\/wp-content\/uploads\/2024\/03\/logo-new.png\",\"width\":355,\"height\":93,\"caption\":\"Life Lessons Learning\"},\"image\":{\"@id\":\"https:\/\/lifelessonslearning.hu\/#\/schema\/logo\/image\/\"}}]}<\/script>\n<!-- \/ Yoast SEO plugin. -->","yoast_head_json":{"title":"Oktat\u00f3ink - Life Lessons Learning","robots":{"index":"index","follow":"follow","max-snippet":"max-snippet:-1","max-image-preview":"max-image-preview:large","max-video-preview":"max-video-preview:-1"},"canonical":"https:\/\/lifelessonslearning.hu\/en\/tanaraink\/","og_locale":"en_GB","og_type":"article","og_title":"Oktat\u00f3ink - Life Lessons Learning","og_description":"Ismerd meg, kik v\u00e1rnak r\u00e1d a kurzus sor\u00e1n! Online egy\u00e9ni \u00f3r\u00e1kon tal\u00e1lkozhatsz k\u00e9pzett \u00e9s anyanyelvi oktat\u00f3inkkal, akik ugyanazt a t\u00f6rt\u00e9netalap\u00fa tematik\u00e1t k\u00f6vetik. Karakai Eszter \u2013 alap\u00edt\u00f3 oktat\u00f3 Angol szakos diplom\u00e1m megszerz\u00e9se ut\u00e1n egy \u00faj, \u00e9lm\u00e9nyalap\u00fa m\u00f3dszert kerestem a hagyom\u00e1nyos nyelvoktat\u00e1s helyett. Ez ind\u00edtott el egy saj\u00e1t m\u00f3dszer kidolgoz\u00e1s\u00e1ban, amely a t\u00f6rt\u00e9netek erej\u00e9re \u00e9p\u00edt. A program ... Read more","og_url":"https:\/\/lifelessonslearning.hu\/en\/tanaraink\/","og_site_name":"Life Lessons Learning","article_modified_time":"2025-07-16T17:12:39+00:00","og_image":[{"width":1701,"height":2560,"url":"https:\/\/lifelessonslearning.hu\/wp-content\/uploads\/2022\/06\/DSC_1v-edited-1-scaled.jpg","type":"image\/jpeg"}],"twitter_card":"summary_large_image","twitter_misc":{"Estimated reading time":"3 minutes"},"schema":{"@context":"https:\/\/schema.org","@graph":[{"@type":"WebPage","@id":"https:\/\/lifelessonslearning.hu\/tanaraink\/","url":"https:\/\/lifelessonslearning.hu\/tanaraink\/","name":"Oktat\u00f3ink - Life Lessons Learning","isPartOf":{"@id":"https:\/\/lifelessonslearning.hu\/#website"},"primaryImageOfPage":{"@id":"https:\/\/lifelessonslearning.hu\/tanaraink\/#primaryimage"},"image":{"@id":"https:\/\/lifelessonslearning.hu\/tanaraink\/#primaryimage"},"thumbnailUrl":"https:\/\/lifelessonslearning.hu\/wp-content\/uploads\/2022\/06\/DSC_1v-edited-1-681x1024.jpg","datePublished":"2022-01-02T19:54:26+00:00","dateModified":"2025-07-16T17:12:39+00:00","breadcrumb":{"@id":"https:\/\/lifelessonslearning.hu\/tanaraink\/#breadcrumb"},"inLanguage":"en-GB","potentialAction":[{"@type":"ReadAction","target":["https:\/\/lifelessonslearning.hu\/tanaraink\/"]}]},{"@type":"ImageObject","inLanguage":"en-GB","@id":"https:\/\/lifelessonslearning.hu\/tanaraink\/#primaryimage","url":"https:\/\/lifelessonslearning.hu\/wp-content\/uploads\/2022\/06\/DSC_1v-edited-1-681x1024.jpg","contentUrl":"https:\/\/lifelessonslearning.hu\/wp-content\/uploads\/2022\/06\/DSC_1v-edited-1-681x1024.jpg"},{"@type":"BreadcrumbList","@id":"https:\/\/lifelessonslearning.hu\/tanaraink\/#breadcrumb","itemListElement":[{"@type":"ListItem","position":1,"name":"Kezd\u0151lap","item":"https:\/\/lifelessonslearning.hu\/"},{"@type":"ListItem","position":2,"name":"Oktat\u00f3ink"}]},{"@type":"WebSite","@id":"https:\/\/lifelessonslearning.hu\/#website","url":"https:\/\/lifelessonslearning.hu\/","name":"Life Lessons Learning","description":"T\u00f6rt\u00e9netalap\u00fa nyelvoktat\u00e1s fiataloknak. Filmekkel, vide\u00f3kkal, reg\u00e9nyekkel \u00e9s zen\u00e9vel angolul.","publisher":{"@id":"https:\/\/lifelessonslearning.hu\/#organization"},"potentialAction":[{"@type":"SearchAction","target":{"@type":"EntryPoint","urlTemplate":"https:\/\/lifelessonslearning.hu\/?s={search_term_string}"},"query-input":{"@type":"PropertyValueSpecification","valueRequired":true,"valueName":"search_term_string"}}],"inLanguage":"en-GB"},{"@type":"Organization","@id":"https:\/\/lifelessonslearning.hu\/#organization","name":"Life Lessons Learning","url":"https:\/\/lifelessonslearning.hu\/","logo":{"@type":"ImageObject","inLanguage":"en-GB","@id":"https:\/\/lifelessonslearning.hu\/#\/schema\/logo\/image\/","url":"https:\/\/lifelessonslearning.hu\/wp-content\/uploads\/2024\/03\/logo-new.png","contentUrl":"https:\/\/lifelessonslearning.hu\/wp-content\/uploads\/2024\/03\/logo-new.png","width":355,"height":93,"caption":"Life Lessons Learning"},"image":{"@id":"https:\/\/lifelessonslearning.hu\/#\/schema\/logo\/image\/"}}]}},"_links":{"self":[{"href":"https:\/\/lifelessonslearning.hu\/en\/wp-json\/wp\/v2\/pages\/67","targetHints":{"allow":["GET"]}}],"collection":[{"href":"https:\/\/lifelessonslearning.hu\/en\/wp-json\/wp\/v2\/pages"}],"about":[{"href":"https:\/\/lifelessonslearning.hu\/en\/wp-json\/wp\/v2\/types\/page"}],"author":[{"embeddable":true,"href":"https:\/\/lifelessonslearning.hu\/en\/wp-json\/wp\/v2\/users\/1"}],"replies":[{"embeddable":true,"href":"https:\/\/lifelessonslearning.hu\/en\/wp-json\/wp\/v2\/comments?post=67"}],"version-history":[{"count":68,"href":"https:\/\/lifelessonslearning.hu\/en\/wp-json\/wp\/v2\/pages\/67\/revisions"}],"predecessor-version":[{"id":9627,"href":"https:\/\/lifelessonslearning.hu\/en\/wp-json\/wp\/v2\/pages\/67\/revisions\/9627"}],"wp:attachment":[{"href":"https:\/\/lifelessonslearning.hu\/en\/wp-json\/wp\/v2\/media?parent=67"}],"curies":[{"name":"wp","href":"https:\/\/api.w.org\/{rel}","templated":true}]}}