{"id":3138,"date":"2024-03-04T18:46:42","date_gmt":"2024-03-04T17:46:42","guid":{"rendered":"https:\/\/lifelessonslearning.hu\/account\/"},"modified":"2025-05-12T09:42:10","modified_gmt":"2025-05-12T07:42:10","slug":"account","status":"publish","type":"page","link":"https:\/\/lifelessonslearning.hu\/en\/account\/","title":{"rendered":"Account"},"content":{"rendered":"<div class=\"masteriyo-login-form-wrapper\">\n\t<section class=\"masteriyo-login\">\n\t\t<div class=\"masteriyo-login--wrapper\">\n\t\t\t<h3 class=\"masteriyo-title\">Sign In<\/h3>\n\n\t\t\t\n\t\t\t<form id=\"masteriyo-login--form\" class=\"masteriyo-login--form\" method=\"post\" action=\"\">\n\t\t\t\t<input type=\"hidden\" name=\"action\" value=\"masteriyo_login\">\n\t\t\t\t<input type=\"hidden\" name=\"redirect_to\" value=\"https:\/\/lifelessonslearning.hu\/en\/wp-json\/wp\/v2\/pages\/3138\">\n\n\t\t\t\t<input type=\"hidden\" id=\"_wpnonce\" name=\"_wpnonce\" value=\"d50f8ff628\" \/><input type=\"hidden\" name=\"_wp_http_referer\" value=\"\/en\/wp-json\/wp\/v2\/pages\/3138\" \/>\n\t\t\t\t<div class=\"masteriyo-username\">\n\t\t\t\t\t<label for=\"username-email-address\" class=\"masteriyo-label\">Username or Email<\/label>\n\t\t\t\t\t<input id=\"username-email-address\" name=\"username\" type=\"text\" required class=\"masteriyo-input\" placeholder=\"\">\n\t\t\t\t<\/div>\n\n\t\t\t\t<div class=\"masteriyo-password\">\n\t\t\t\t\t<label for=\"password\" class=\"masteriyo-label\">Password<\/label>\n\t\t\t\t\t<input id=\"password\" class=\"masteriyo-input\" name=\"password\" type=\"password\" autocomplete=\"current-password\" required placeholder=\"\">\n\t\t\t\t<\/div>\n\n\t\t\t\t<div class=\"masteriyo-remember-forgot\">\n\t\t\t\t\t<div class=\"masteriyo-remember-me\">\n\t\t\t\t\t\t<input id=\"remember_me\" name=\"remember_me\" type=\"checkbox\">\n\t\t\t\t\t\t<label for=\"remember_me\">\n\t\t\t\t\t\t\tRemember me\t\t\t\t\t\t<\/label>\n\t\t\t\t\t<\/div>\n\n\t\t\t\t\t<div class=\"masteriyo-forgot-password\">\n\t\t\t\t\t\t<a href=\"https:\/\/lifelessonslearning.hu\/en\/account\/reset-password\/\" class=\"masteriyo-link-primary\">\n\t\t\t\t\t\t\tForgot your password?\t\t\t\t\t\t<\/a>\n\t\t\t\t\t<\/div>\n\t\t\t\t<\/div>\n\n\t\t\t\t\n\t\t\t\t<div class=\"masteriyo-btn-wrapper\">\n\t\t\t\t\t<button type=\"submit\" class=\"masteriyo-btn masteriyo-btn-primary masteriyo-login-btn\">\n\t\t\t\t\t\tSign in\t\t\t\t\t<\/button>\n\t\t\t\t<\/div>\n\t\t\t\t\t\t\t\t\t<div id=\"masteriyo-login-error-msg\" class=\"masteriyo-hidden masteriyo-notify-message masteriyo-alert masteriyo-danger-msg\"><\/div>\n\t\t\t<input type=\"hidden\" name=\"trp-form-language\" value=\"en\"\/><\/form>\n\t\t\t\n\t\t\t<div id=\"masteriyo-session-limit-warning\" class=\"masteriyo-hidden masteriyo-danger-msg masteriyo-alert\">\n\t\t\tSession limit exceeded. <span id=\"clear-sessions-link\" style=\"cursor:pointer; font-weight:500; color:#356bb3\" >Click here<\/span> to clear sessions.\t\t\t<\/div>\n\n\t\t\t<div id=\"masteriyo-session-limit-clear\" class=\"masteriyo-hidden masteriyo-success-msg masteriyo-alert\">\n\t\t\tYour login session is cleared.\t\t\t<\/div>\n\n\t\t<\/div>\n\t<\/section>\n\n\t\t\t<section class=\"masteriyo-signup\">\n\t\t\t\t\t\t<h3 class=\"masteriyo-title\">Register<\/h3>\n\t\t\t<span>Don&#039;t have an account?<\/span>\n\t\t\t<a\n\t\t\t\thref=\"https:\/\/lifelessonslearning.hu\/en\/account\/signup\/?redirect_to=https:\/\/lifelessonslearning.hu\/en\/wp-json\/wp\/v2\/pages\/3138\"\n\t\t\t\tclass=\"masteriyo-btn masteriyo-btn-primary\"\n\t\t\t>\n\t\t\t\tRegister as Student\t\t\t<\/a>\n\t\t<\/section>\n\t<\/div>","protected":false},"excerpt":{"rendered":"","protected":false},"author":1,"featured_media":0,"parent":0,"menu_order":0,"comment_status":"closed","ping_status":"closed","template":"","meta":{"footnotes":""},"class_list":["post-3138","page","type-page","status-publish"],"yoast_head":"<!-- This site is optimized with the Yoast SEO plugin v25.3 - https:\/\/yoast.com\/wordpress\/plugins\/seo\/ -->\n<title>Account - Life Lessons Learning<\/title>\n<meta name=\"robots\" content=\"index, follow, max-snippet:-1, max-image-preview:large, max-video-preview:-1\" \/>\n<link rel=\"canonical\" href=\"https:\/\/lifelessonslearning.hu\/en\/account\/\" \/>\n<meta property=\"og:locale\" content=\"en_GB\" \/>\n<meta property=\"og:type\" content=\"article\" \/>\n<meta property=\"og:title\" content=\"Account - Life Lessons Learning\" \/>\n<meta property=\"og:url\" content=\"https:\/\/lifelessonslearning.hu\/en\/account\/\" \/>\n<meta property=\"og:site_name\" content=\"Life Lessons Learning\" \/>\n<meta property=\"article:modified_time\" content=\"2025-05-12T07:42:10+00:00\" \/>\n<meta name=\"twitter:card\" content=\"summary_large_image\" \/>\n<meta name=\"twitter:label1\" content=\"Estimated reading time\" \/>\n\t<meta name=\"twitter:data1\" content=\"1 minute\" \/>\n<script type=\"application\/ld+json\" class=\"yoast-schema-graph\">{\"@context\":\"https:\/\/schema.org\",\"@graph\":[{\"@type\":\"WebPage\",\"@id\":\"https:\/\/lifelessonslearning.hu\/account\/\",\"url\":\"https:\/\/lifelessonslearning.hu\/account\/\",\"name\":\"Account - Life Lessons Learning\",\"isPartOf\":{\"@id\":\"https:\/\/lifelessonslearning.hu\/#website\"},\"datePublished\":\"2024-03-04T17:46:42+00:00\",\"dateModified\":\"2025-05-12T07:42:10+00:00\",\"breadcrumb\":{\"@id\":\"https:\/\/lifelessonslearning.hu\/account\/#breadcrumb\"},\"inLanguage\":\"en-GB\",\"potentialAction\":[{\"@type\":\"ReadAction\",\"target\":[\"https:\/\/lifelessonslearning.hu\/account\/\"]}]},{\"@type\":\"BreadcrumbList\",\"@id\":\"https:\/\/lifelessonslearning.hu\/account\/#breadcrumb\",\"itemListElement\":[{\"@type\":\"ListItem\",\"position\":1,\"name\":\"Kezd\u0151lap\",\"item\":\"https:\/\/lifelessonslearning.hu\/\"},{\"@type\":\"ListItem\",\"position\":2,\"name\":\"Account\"}]},{\"@type\":\"WebSite\",\"@id\":\"https:\/\/lifelessonslearning.hu\/#website\",\"url\":\"https:\/\/lifelessonslearning.hu\/\",\"name\":\"Life Lessons Learning\",\"description\":\"T\u00f6rt\u00e9netalap\u00fa nyelvoktat\u00e1s fiataloknak. Filmekkel, vide\u00f3kkal, reg\u00e9nyekkel \u00e9s zen\u00e9vel angolul.\",\"publisher\":{\"@id\":\"https:\/\/lifelessonslearning.hu\/#organization\"},\"potentialAction\":[{\"@type\":\"SearchAction\",\"target\":{\"@type\":\"EntryPoint\",\"urlTemplate\":\"https:\/\/lifelessonslearning.hu\/?s={search_term_string}\"},\"query-input\":{\"@type\":\"PropertyValueSpecification\",\"valueRequired\":true,\"valueName\":\"search_term_string\"}}],\"inLanguage\":\"en-GB\"},{\"@type\":\"Organization\",\"@id\":\"https:\/\/lifelessonslearning.hu\/#organization\",\"name\":\"Life Lessons Learning\",\"url\":\"https:\/\/lifelessonslearning.hu\/\",\"logo\":{\"@type\":\"ImageObject\",\"inLanguage\":\"en-GB\",\"@id\":\"https:\/\/lifelessonslearning.hu\/#\/schema\/logo\/image\/\",\"url\":\"https:\/\/lifelessonslearning.hu\/wp-content\/uploads\/2024\/03\/logo-new.png\",\"contentUrl\":\"https:\/\/lifelessonslearning.hu\/wp-content\/uploads\/2024\/03\/logo-new.png\",\"width\":355,\"height\":93,\"caption\":\"Life Lessons Learning\"},\"image\":{\"@id\":\"https:\/\/lifelessonslearning.hu\/#\/schema\/logo\/image\/\"}}]}<\/script>\n<!-- \/ Yoast SEO plugin. -->","yoast_head_json":{"title":"Account - Life Lessons Learning","robots":{"index":"index","follow":"follow","max-snippet":"max-snippet:-1","max-image-preview":"max-image-preview:large","max-video-preview":"max-video-preview:-1"},"canonical":"https:\/\/lifelessonslearning.hu\/en\/account\/","og_locale":"en_GB","og_type":"article","og_title":"Account - Life Lessons Learning","og_url":"https:\/\/lifelessonslearning.hu\/en\/account\/","og_site_name":"Life Lessons Learning","article_modified_time":"2025-05-12T07:42:10+00:00","twitter_card":"summary_large_image","twitter_misc":{"Estimated reading time":"1 minute"},"schema":{"@context":"https:\/\/schema.org","@graph":[{"@type":"WebPage","@id":"https:\/\/lifelessonslearning.hu\/account\/","url":"https:\/\/lifelessonslearning.hu\/account\/","name":"Account - Life Lessons Learning","isPartOf":{"@id":"https:\/\/lifelessonslearning.hu\/#website"},"datePublished":"2024-03-04T17:46:42+00:00","dateModified":"2025-05-12T07:42:10+00:00","breadcrumb":{"@id":"https:\/\/lifelessonslearning.hu\/account\/#breadcrumb"},"inLanguage":"en-GB","potentialAction":[{"@type":"ReadAction","target":["https:\/\/lifelessonslearning.hu\/account\/"]}]},{"@type":"BreadcrumbList","@id":"https:\/\/lifelessonslearning.hu\/account\/#breadcrumb","itemListElement":[{"@type":"ListItem","position":1,"name":"Kezd\u0151lap","item":"https:\/\/lifelessonslearning.hu\/"},{"@type":"ListItem","position":2,"name":"Account"}]},{"@type":"WebSite","@id":"https:\/\/lifelessonslearning.hu\/#website","url":"https:\/\/lifelessonslearning.hu\/","name":"Life Lessons Learning","description":"T\u00f6rt\u00e9netalap\u00fa nyelvoktat\u00e1s fiataloknak. Filmekkel, vide\u00f3kkal, reg\u00e9nyekkel \u00e9s zen\u00e9vel angolul.","publisher":{"@id":"https:\/\/lifelessonslearning.hu\/#organization"},"potentialAction":[{"@type":"SearchAction","target":{"@type":"EntryPoint","urlTemplate":"https:\/\/lifelessonslearning.hu\/?s={search_term_string}"},"query-input":{"@type":"PropertyValueSpecification","valueRequired":true,"valueName":"search_term_string"}}],"inLanguage":"en-GB"},{"@type":"Organization","@id":"https:\/\/lifelessonslearning.hu\/#organization","name":"Life Lessons Learning","url":"https:\/\/lifelessonslearning.hu\/","logo":{"@type":"ImageObject","inLanguage":"en-GB","@id":"https:\/\/lifelessonslearning.hu\/#\/schema\/logo\/image\/","url":"https:\/\/lifelessonslearning.hu\/wp-content\/uploads\/2024\/03\/logo-new.png","contentUrl":"https:\/\/lifelessonslearning.hu\/wp-content\/uploads\/2024\/03\/logo-new.png","width":355,"height":93,"caption":"Life Lessons Learning"},"image":{"@id":"https:\/\/lifelessonslearning.hu\/#\/schema\/logo\/image\/"}}]}},"_links":{"self":[{"href":"https:\/\/lifelessonslearning.hu\/en\/wp-json\/wp\/v2\/pages\/3138","targetHints":{"allow":["GET"]}}],"collection":[{"href":"https:\/\/lifelessonslearning.hu\/en\/wp-json\/wp\/v2\/pages"}],"about":[{"href":"https:\/\/lifelessonslearning.hu\/en\/wp-json\/wp\/v2\/types\/page"}],"author":[{"embeddable":true,"href":"https:\/\/lifelessonslearning.hu\/en\/wp-json\/wp\/v2\/users\/1"}],"replies":[{"embeddable":true,"href":"https:\/\/lifelessonslearning.hu\/en\/wp-json\/wp\/v2\/comments?post=3138"}],"version-history":[{"count":2,"href":"https:\/\/lifelessonslearning.hu\/en\/wp-json\/wp\/v2\/pages\/3138\/revisions"}],"predecessor-version":[{"id":9483,"href":"https:\/\/lifelessonslearning.hu\/en\/wp-json\/wp\/v2\/pages\/3138\/revisions\/9483"}],"wp:attachment":[{"href":"https:\/\/lifelessonslearning.hu\/en\/wp-json\/wp\/v2\/media?parent=3138"}],"curies":[{"name":"wp","href":"https:\/\/api.w.org\/{rel}","templated":true}]}}