{"id":13448,"date":"2025-08-29T12:42:21","date_gmt":"2025-08-29T10:42:21","guid":{"rendered":"https:\/\/lifelessonslearning.hu\/?page_id=13448"},"modified":"2025-09-08T10:45:16","modified_gmt":"2025-09-08T08:45:16","slug":"jogi-tajekoztato","status":"publish","type":"page","link":"https:\/\/lifelessonslearning.hu\/en\/jogi-tajekoztato\/","title":{"rendered":"Jogi Nyilatkozat"},"content":{"rendered":"<div data-elementor-type=\"wp-page\" data-elementor-id=\"13448\" class=\"elementor elementor-13448\">\n\t\t\t\t\t\t<section class=\"elementor-section elementor-top-section elementor-element elementor-element-bc23e4b elementor-section-stretched elementor-section-boxed elementor-section-height-default elementor-section-height-default\" data-id=\"bc23e4b\" data-element_type=\"section\" data-settings=\"{&quot;stretch_section&quot;:&quot;section-stretched&quot;}\">\n\t\t\t\t\t\t<div class=\"elementor-container elementor-column-gap-default\">\n\t\t\t\t\t<div class=\"elementor-column elementor-col-100 elementor-top-column elementor-element elementor-element-6defe8c\" data-id=\"6defe8c\" data-element_type=\"column\">\n\t\t\t<div class=\"elementor-widget-wrap elementor-element-populated\">\n\t\t\t\t\t\t<div class=\"elementor-element elementor-element-97cc902 elementor-widget elementor-widget-heading\" data-id=\"97cc902\" data-element_type=\"widget\" data-widget_type=\"heading.default\">\n\t\t\t\t<div class=\"elementor-widget-container\">\n\t\t\t\t\t<h1 class=\"elementor-heading-title elementor-size-default\">Jogi Nyilatkozat<\/h1>\t\t\t\t<\/div>\n\t\t\t\t<\/div>\n\t\t\t\t<div class=\"elementor-element elementor-element-c9e38d6 elementor-widget elementor-widget-text-editor\" data-id=\"c9e38d6\" data-element_type=\"widget\" data-widget_type=\"text-editor.default\">\n\t\t\t\t<div class=\"elementor-widget-container\">\n\t\t\t\t\t\t\t\t\t<p><span style=\"text-decoration: underline;\"><span style=\"color: #00ccff; text-decoration: underline;\"><a style=\"color: #00ccff; text-decoration: underline;\" href=\"https:\/\/lifelessonslearning.hu\/wp-content\/uploads\/2025\/09\/Jogi-Nyilatkozat_Life-Lessons-Learning_1.pdf\" target=\"_blank\" rel=\"noopener\">Jogi Nyilatkozat<\/a><\/span><\/span><\/p>\t\t\t\t\t\t\t\t<\/div>\n\t\t\t\t<\/div>\n\t\t\t\t\t<\/div>\n\t\t<\/div>\n\t\t\t\t\t<\/div>\n\t\t<\/section>\n\t\t\t\t<\/div>","protected":false},"excerpt":{"rendered":"<p>Jogi Nyilatkozat Jogi Nyilatkozat<\/p>","protected":false},"author":1,"featured_media":0,"parent":0,"menu_order":0,"comment_status":"closed","ping_status":"closed","template":"elementor_header_footer","meta":{"footnotes":""},"class_list":["post-13448","page","type-page","status-publish"],"yoast_head":"<!-- This site is optimized with the Yoast SEO plugin v25.3 - https:\/\/yoast.com\/wordpress\/plugins\/seo\/ -->\n<title>Jogi Nyilatkozat - Life Lessons Learning<\/title>\n<meta name=\"robots\" content=\"index, follow, max-snippet:-1, max-image-preview:large, max-video-preview:-1\" \/>\n<link rel=\"canonical\" href=\"https:\/\/lifelessonslearning.hu\/en\/jogi-tajekoztato\/\" \/>\n<meta property=\"og:locale\" content=\"en_GB\" \/>\n<meta property=\"og:type\" content=\"article\" \/>\n<meta property=\"og:title\" content=\"Jogi Nyilatkozat - Life Lessons Learning\" \/>\n<meta property=\"og:description\" content=\"Jogi Nyilatkozat Jogi Nyilatkozat\" \/>\n<meta property=\"og:url\" content=\"https:\/\/lifelessonslearning.hu\/en\/jogi-tajekoztato\/\" \/>\n<meta property=\"og:site_name\" content=\"Life Lessons Learning\" \/>\n<meta property=\"article:modified_time\" content=\"2025-09-08T08:45:16+00:00\" \/>\n<meta name=\"twitter:card\" content=\"summary_large_image\" \/>\n<meta name=\"twitter:label1\" content=\"Estimated reading time\" \/>\n\t<meta name=\"twitter:data1\" content=\"1 minute\" \/>\n<script type=\"application\/ld+json\" class=\"yoast-schema-graph\">{\"@context\":\"https:\/\/schema.org\",\"@graph\":[{\"@type\":\"WebPage\",\"@id\":\"https:\/\/lifelessonslearning.hu\/jogi-tajekoztato\/\",\"url\":\"https:\/\/lifelessonslearning.hu\/jogi-tajekoztato\/\",\"name\":\"Jogi Nyilatkozat - Life Lessons Learning\",\"isPartOf\":{\"@id\":\"https:\/\/lifelessonslearning.hu\/#website\"},\"datePublished\":\"2025-08-29T10:42:21+00:00\",\"dateModified\":\"2025-09-08T08:45:16+00:00\",\"breadcrumb\":{\"@id\":\"https:\/\/lifelessonslearning.hu\/jogi-tajekoztato\/#breadcrumb\"},\"inLanguage\":\"en-GB\",\"potentialAction\":[{\"@type\":\"ReadAction\",\"target\":[\"https:\/\/lifelessonslearning.hu\/jogi-tajekoztato\/\"]}]},{\"@type\":\"BreadcrumbList\",\"@id\":\"https:\/\/lifelessonslearning.hu\/jogi-tajekoztato\/#breadcrumb\",\"itemListElement\":[{\"@type\":\"ListItem\",\"position\":1,\"name\":\"Kezd\u0151lap\",\"item\":\"https:\/\/lifelessonslearning.hu\/\"},{\"@type\":\"ListItem\",\"position\":2,\"name\":\"Jogi Nyilatkozat\"}]},{\"@type\":\"WebSite\",\"@id\":\"https:\/\/lifelessonslearning.hu\/#website\",\"url\":\"https:\/\/lifelessonslearning.hu\/\",\"name\":\"Life Lessons Learning\",\"description\":\"T\u00f6rt\u00e9netalap\u00fa nyelvoktat\u00e1s fiataloknak. Filmekkel, vide\u00f3kkal, reg\u00e9nyekkel \u00e9s zen\u00e9vel angolul.\",\"publisher\":{\"@id\":\"https:\/\/lifelessonslearning.hu\/#organization\"},\"potentialAction\":[{\"@type\":\"SearchAction\",\"target\":{\"@type\":\"EntryPoint\",\"urlTemplate\":\"https:\/\/lifelessonslearning.hu\/?s={search_term_string}\"},\"query-input\":{\"@type\":\"PropertyValueSpecification\",\"valueRequired\":true,\"valueName\":\"search_term_string\"}}],\"inLanguage\":\"en-GB\"},{\"@type\":\"Organization\",\"@id\":\"https:\/\/lifelessonslearning.hu\/#organization\",\"name\":\"Life Lessons Learning\",\"url\":\"https:\/\/lifelessonslearning.hu\/\",\"logo\":{\"@type\":\"ImageObject\",\"inLanguage\":\"en-GB\",\"@id\":\"https:\/\/lifelessonslearning.hu\/#\/schema\/logo\/image\/\",\"url\":\"https:\/\/lifelessonslearning.hu\/wp-content\/uploads\/2024\/03\/logo-new.png\",\"contentUrl\":\"https:\/\/lifelessonslearning.hu\/wp-content\/uploads\/2024\/03\/logo-new.png\",\"width\":355,\"height\":93,\"caption\":\"Life Lessons Learning\"},\"image\":{\"@id\":\"https:\/\/lifelessonslearning.hu\/#\/schema\/logo\/image\/\"}}]}<\/script>\n<!-- \/ Yoast SEO plugin. -->","yoast_head_json":{"title":"Jogi Nyilatkozat - Life Lessons Learning","robots":{"index":"index","follow":"follow","max-snippet":"max-snippet:-1","max-image-preview":"max-image-preview:large","max-video-preview":"max-video-preview:-1"},"canonical":"https:\/\/lifelessonslearning.hu\/en\/jogi-tajekoztato\/","og_locale":"en_GB","og_type":"article","og_title":"Jogi Nyilatkozat - Life Lessons Learning","og_description":"Jogi Nyilatkozat Jogi Nyilatkozat","og_url":"https:\/\/lifelessonslearning.hu\/en\/jogi-tajekoztato\/","og_site_name":"Life Lessons Learning","article_modified_time":"2025-09-08T08:45:16+00:00","twitter_card":"summary_large_image","twitter_misc":{"Estimated reading time":"1 minute"},"schema":{"@context":"https:\/\/schema.org","@graph":[{"@type":"WebPage","@id":"https:\/\/lifelessonslearning.hu\/jogi-tajekoztato\/","url":"https:\/\/lifelessonslearning.hu\/jogi-tajekoztato\/","name":"Jogi Nyilatkozat - Life Lessons Learning","isPartOf":{"@id":"https:\/\/lifelessonslearning.hu\/#website"},"datePublished":"2025-08-29T10:42:21+00:00","dateModified":"2025-09-08T08:45:16+00:00","breadcrumb":{"@id":"https:\/\/lifelessonslearning.hu\/jogi-tajekoztato\/#breadcrumb"},"inLanguage":"en-GB","potentialAction":[{"@type":"ReadAction","target":["https:\/\/lifelessonslearning.hu\/jogi-tajekoztato\/"]}]},{"@type":"BreadcrumbList","@id":"https:\/\/lifelessonslearning.hu\/jogi-tajekoztato\/#breadcrumb","itemListElement":[{"@type":"ListItem","position":1,"name":"Kezd\u0151lap","item":"https:\/\/lifelessonslearning.hu\/"},{"@type":"ListItem","position":2,"name":"Jogi Nyilatkozat"}]},{"@type":"WebSite","@id":"https:\/\/lifelessonslearning.hu\/#website","url":"https:\/\/lifelessonslearning.hu\/","name":"Life Lessons Learning","description":"T\u00f6rt\u00e9netalap\u00fa nyelvoktat\u00e1s fiataloknak. Filmekkel, vide\u00f3kkal, reg\u00e9nyekkel \u00e9s zen\u00e9vel angolul.","publisher":{"@id":"https:\/\/lifelessonslearning.hu\/#organization"},"potentialAction":[{"@type":"SearchAction","target":{"@type":"EntryPoint","urlTemplate":"https:\/\/lifelessonslearning.hu\/?s={search_term_string}"},"query-input":{"@type":"PropertyValueSpecification","valueRequired":true,"valueName":"search_term_string"}}],"inLanguage":"en-GB"},{"@type":"Organization","@id":"https:\/\/lifelessonslearning.hu\/#organization","name":"Life Lessons Learning","url":"https:\/\/lifelessonslearning.hu\/","logo":{"@type":"ImageObject","inLanguage":"en-GB","@id":"https:\/\/lifelessonslearning.hu\/#\/schema\/logo\/image\/","url":"https:\/\/lifelessonslearning.hu\/wp-content\/uploads\/2024\/03\/logo-new.png","contentUrl":"https:\/\/lifelessonslearning.hu\/wp-content\/uploads\/2024\/03\/logo-new.png","width":355,"height":93,"caption":"Life Lessons Learning"},"image":{"@id":"https:\/\/lifelessonslearning.hu\/#\/schema\/logo\/image\/"}}]}},"_links":{"self":[{"href":"https:\/\/lifelessonslearning.hu\/en\/wp-json\/wp\/v2\/pages\/13448","targetHints":{"allow":["GET"]}}],"collection":[{"href":"https:\/\/lifelessonslearning.hu\/en\/wp-json\/wp\/v2\/pages"}],"about":[{"href":"https:\/\/lifelessonslearning.hu\/en\/wp-json\/wp\/v2\/types\/page"}],"author":[{"embeddable":true,"href":"https:\/\/lifelessonslearning.hu\/en\/wp-json\/wp\/v2\/users\/1"}],"replies":[{"embeddable":true,"href":"https:\/\/lifelessonslearning.hu\/en\/wp-json\/wp\/v2\/comments?post=13448"}],"version-history":[{"count":15,"href":"https:\/\/lifelessonslearning.hu\/en\/wp-json\/wp\/v2\/pages\/13448\/revisions"}],"predecessor-version":[{"id":13666,"href":"https:\/\/lifelessonslearning.hu\/en\/wp-json\/wp\/v2\/pages\/13448\/revisions\/13666"}],"wp:attachment":[{"href":"https:\/\/lifelessonslearning.hu\/en\/wp-json\/wp\/v2\/media?parent=13448"}],"curies":[{"name":"wp","href":"https:\/\/api.w.org\/{rel}","templated":true}]}}