{"id":13438,"date":"2025-08-29T12:37:07","date_gmt":"2025-08-29T10:37:07","guid":{"rendered":"https:\/\/lifelessonslearning.hu\/?page_id=13438"},"modified":"2025-09-08T10:43:47","modified_gmt":"2025-09-08T08:43:47","slug":"altalanos-szerzodesi-feltetelek","status":"publish","type":"page","link":"https:\/\/lifelessonslearning.hu\/en\/altalanos-szerzodesi-feltetelek\/","title":{"rendered":"Terms and Conditions"},"content":{"rendered":"<div data-elementor-type=\"wp-page\" data-elementor-id=\"13438\" class=\"elementor elementor-13438\">\n\t\t\t\t\t\t<section class=\"elementor-section elementor-top-section elementor-element elementor-element-254c21d elementor-section-stretched elementor-section-boxed elementor-section-height-default elementor-section-height-default\" data-id=\"254c21d\" data-element_type=\"section\" data-settings=\"{&quot;stretch_section&quot;:&quot;section-stretched&quot;}\">\n\t\t\t\t\t\t<div class=\"elementor-container elementor-column-gap-default\">\n\t\t\t\t\t<div class=\"elementor-column elementor-col-100 elementor-top-column elementor-element elementor-element-40b659a\" data-id=\"40b659a\" data-element_type=\"column\">\n\t\t\t<div class=\"elementor-widget-wrap elementor-element-populated\">\n\t\t\t\t\t\t<div class=\"elementor-element elementor-element-332ca9f elementor-widget elementor-widget-heading\" data-id=\"332ca9f\" data-element_type=\"widget\" data-widget_type=\"heading.default\">\n\t\t\t\t<div class=\"elementor-widget-container\">\n\t\t\t\t\t<h1 class=\"elementor-heading-title elementor-size-default\">Terms and Conditions<\/h1>\t\t\t\t<\/div>\n\t\t\t\t<\/div>\n\t\t\t\t<div class=\"elementor-element elementor-element-373e263 elementor-widget elementor-widget-text-editor\" data-id=\"373e263\" data-element_type=\"widget\" data-widget_type=\"text-editor.default\">\n\t\t\t\t<div class=\"elementor-widget-container\">\n\t\t\t\t\t\t\t\t\t<p><a href=\"https:\/\/lifelessonslearning.hu\/wp-content\/uploads\/2025\/09\/ASZF_Life-Lessons-Learning_1.pdf\" target=\"_blank\" rel=\"noopener\"><span style=\"text-decoration: underline; color: #00ccff;\">Terms and Conditions<\/span><\/a><\/p>\t\t\t\t\t\t\t\t<\/div>\n\t\t\t\t<\/div>\n\t\t\t\t\t<\/div>\n\t\t<\/div>\n\t\t\t\t\t<\/div>\n\t\t<\/section>\n\t\t\t\t<\/div>","protected":false},"excerpt":{"rendered":"<p>\u00c1ltal\u00e1nos Szerz\u0151d\u00e9si Felt\u00e9telek \u00c1ltal\u00e1nos Szerz\u0151d\u00e9si Felt\u00e9telek<\/p>","protected":false},"author":1,"featured_media":0,"parent":0,"menu_order":0,"comment_status":"closed","ping_status":"closed","template":"elementor_header_footer","meta":{"footnotes":""},"class_list":["post-13438","page","type-page","status-publish"],"yoast_head":"<!-- This site is optimized with the Yoast SEO plugin v25.3 - https:\/\/yoast.com\/wordpress\/plugins\/seo\/ -->\n<title>\u00c1ltal\u00e1nos Szerz\u0151d\u00e9si Felt\u00e9telek - Life Lessons Learning<\/title>\n<meta name=\"robots\" content=\"index, follow, max-snippet:-1, max-image-preview:large, max-video-preview:-1\" \/>\n<link rel=\"canonical\" href=\"https:\/\/lifelessonslearning.hu\/en\/altalanos-szerzodesi-feltetelek\/\" \/>\n<meta property=\"og:locale\" content=\"en_GB\" \/>\n<meta property=\"og:type\" content=\"article\" \/>\n<meta property=\"og:title\" content=\"\u00c1ltal\u00e1nos Szerz\u0151d\u00e9si Felt\u00e9telek - Life Lessons Learning\" \/>\n<meta property=\"og:description\" content=\"\u00c1ltal\u00e1nos Szerz\u0151d\u00e9si Felt\u00e9telek \u00c1ltal\u00e1nos Szerz\u0151d\u00e9si Felt\u00e9telek\" \/>\n<meta property=\"og:url\" content=\"https:\/\/lifelessonslearning.hu\/en\/altalanos-szerzodesi-feltetelek\/\" \/>\n<meta property=\"og:site_name\" content=\"Life Lessons Learning\" \/>\n<meta property=\"article:modified_time\" content=\"2025-09-08T08:43:47+00:00\" \/>\n<meta name=\"twitter:card\" content=\"summary_large_image\" \/>\n<meta name=\"twitter:label1\" content=\"Estimated reading time\" \/>\n\t<meta name=\"twitter:data1\" content=\"1 minute\" \/>\n<script type=\"application\/ld+json\" class=\"yoast-schema-graph\">{\"@context\":\"https:\/\/schema.org\",\"@graph\":[{\"@type\":\"WebPage\",\"@id\":\"https:\/\/lifelessonslearning.hu\/altalanos-szerzodesi-feltetelek\/\",\"url\":\"https:\/\/lifelessonslearning.hu\/altalanos-szerzodesi-feltetelek\/\",\"name\":\"\u00c1ltal\u00e1nos Szerz\u0151d\u00e9si Felt\u00e9telek - Life Lessons Learning\",\"isPartOf\":{\"@id\":\"https:\/\/lifelessonslearning.hu\/#website\"},\"datePublished\":\"2025-08-29T10:37:07+00:00\",\"dateModified\":\"2025-09-08T08:43:47+00:00\",\"breadcrumb\":{\"@id\":\"https:\/\/lifelessonslearning.hu\/altalanos-szerzodesi-feltetelek\/#breadcrumb\"},\"inLanguage\":\"en-GB\",\"potentialAction\":[{\"@type\":\"ReadAction\",\"target\":[\"https:\/\/lifelessonslearning.hu\/altalanos-szerzodesi-feltetelek\/\"]}]},{\"@type\":\"BreadcrumbList\",\"@id\":\"https:\/\/lifelessonslearning.hu\/altalanos-szerzodesi-feltetelek\/#breadcrumb\",\"itemListElement\":[{\"@type\":\"ListItem\",\"position\":1,\"name\":\"Kezd\u0151lap\",\"item\":\"https:\/\/lifelessonslearning.hu\/\"},{\"@type\":\"ListItem\",\"position\":2,\"name\":\"\u00c1ltal\u00e1nos Szerz\u0151d\u00e9si Felt\u00e9telek\"}]},{\"@type\":\"WebSite\",\"@id\":\"https:\/\/lifelessonslearning.hu\/#website\",\"url\":\"https:\/\/lifelessonslearning.hu\/\",\"name\":\"Life Lessons Learning\",\"description\":\"T\u00f6rt\u00e9netalap\u00fa nyelvoktat\u00e1s fiataloknak. Filmekkel, vide\u00f3kkal, reg\u00e9nyekkel \u00e9s zen\u00e9vel angolul.\",\"publisher\":{\"@id\":\"https:\/\/lifelessonslearning.hu\/#organization\"},\"potentialAction\":[{\"@type\":\"SearchAction\",\"target\":{\"@type\":\"EntryPoint\",\"urlTemplate\":\"https:\/\/lifelessonslearning.hu\/?s={search_term_string}\"},\"query-input\":{\"@type\":\"PropertyValueSpecification\",\"valueRequired\":true,\"valueName\":\"search_term_string\"}}],\"inLanguage\":\"en-GB\"},{\"@type\":\"Organization\",\"@id\":\"https:\/\/lifelessonslearning.hu\/#organization\",\"name\":\"Life Lessons Learning\",\"url\":\"https:\/\/lifelessonslearning.hu\/\",\"logo\":{\"@type\":\"ImageObject\",\"inLanguage\":\"en-GB\",\"@id\":\"https:\/\/lifelessonslearning.hu\/#\/schema\/logo\/image\/\",\"url\":\"https:\/\/lifelessonslearning.hu\/wp-content\/uploads\/2024\/03\/logo-new.png\",\"contentUrl\":\"https:\/\/lifelessonslearning.hu\/wp-content\/uploads\/2024\/03\/logo-new.png\",\"width\":355,\"height\":93,\"caption\":\"Life Lessons Learning\"},\"image\":{\"@id\":\"https:\/\/lifelessonslearning.hu\/#\/schema\/logo\/image\/\"}}]}<\/script>\n<!-- \/ Yoast SEO plugin. -->","yoast_head_json":{"title":"\u00c1ltal\u00e1nos Szerz\u0151d\u00e9si Felt\u00e9telek - Life Lessons Learning","robots":{"index":"index","follow":"follow","max-snippet":"max-snippet:-1","max-image-preview":"max-image-preview:large","max-video-preview":"max-video-preview:-1"},"canonical":"https:\/\/lifelessonslearning.hu\/en\/altalanos-szerzodesi-feltetelek\/","og_locale":"en_GB","og_type":"article","og_title":"\u00c1ltal\u00e1nos Szerz\u0151d\u00e9si Felt\u00e9telek - Life Lessons Learning","og_description":"\u00c1ltal\u00e1nos Szerz\u0151d\u00e9si Felt\u00e9telek \u00c1ltal\u00e1nos Szerz\u0151d\u00e9si Felt\u00e9telek","og_url":"https:\/\/lifelessonslearning.hu\/en\/altalanos-szerzodesi-feltetelek\/","og_site_name":"Life Lessons Learning","article_modified_time":"2025-09-08T08:43:47+00:00","twitter_card":"summary_large_image","twitter_misc":{"Estimated reading time":"1 minute"},"schema":{"@context":"https:\/\/schema.org","@graph":[{"@type":"WebPage","@id":"https:\/\/lifelessonslearning.hu\/altalanos-szerzodesi-feltetelek\/","url":"https:\/\/lifelessonslearning.hu\/altalanos-szerzodesi-feltetelek\/","name":"\u00c1ltal\u00e1nos Szerz\u0151d\u00e9si Felt\u00e9telek - Life Lessons Learning","isPartOf":{"@id":"https:\/\/lifelessonslearning.hu\/#website"},"datePublished":"2025-08-29T10:37:07+00:00","dateModified":"2025-09-08T08:43:47+00:00","breadcrumb":{"@id":"https:\/\/lifelessonslearning.hu\/altalanos-szerzodesi-feltetelek\/#breadcrumb"},"inLanguage":"en-GB","potentialAction":[{"@type":"ReadAction","target":["https:\/\/lifelessonslearning.hu\/altalanos-szerzodesi-feltetelek\/"]}]},{"@type":"BreadcrumbList","@id":"https:\/\/lifelessonslearning.hu\/altalanos-szerzodesi-feltetelek\/#breadcrumb","itemListElement":[{"@type":"ListItem","position":1,"name":"Kezd\u0151lap","item":"https:\/\/lifelessonslearning.hu\/"},{"@type":"ListItem","position":2,"name":"\u00c1ltal\u00e1nos Szerz\u0151d\u00e9si Felt\u00e9telek"}]},{"@type":"WebSite","@id":"https:\/\/lifelessonslearning.hu\/#website","url":"https:\/\/lifelessonslearning.hu\/","name":"Life Lessons Learning","description":"T\u00f6rt\u00e9netalap\u00fa nyelvoktat\u00e1s fiataloknak. Filmekkel, vide\u00f3kkal, reg\u00e9nyekkel \u00e9s zen\u00e9vel angolul.","publisher":{"@id":"https:\/\/lifelessonslearning.hu\/#organization"},"potentialAction":[{"@type":"SearchAction","target":{"@type":"EntryPoint","urlTemplate":"https:\/\/lifelessonslearning.hu\/?s={search_term_string}"},"query-input":{"@type":"PropertyValueSpecification","valueRequired":true,"valueName":"search_term_string"}}],"inLanguage":"en-GB"},{"@type":"Organization","@id":"https:\/\/lifelessonslearning.hu\/#organization","name":"Life Lessons Learning","url":"https:\/\/lifelessonslearning.hu\/","logo":{"@type":"ImageObject","inLanguage":"en-GB","@id":"https:\/\/lifelessonslearning.hu\/#\/schema\/logo\/image\/","url":"https:\/\/lifelessonslearning.hu\/wp-content\/uploads\/2024\/03\/logo-new.png","contentUrl":"https:\/\/lifelessonslearning.hu\/wp-content\/uploads\/2024\/03\/logo-new.png","width":355,"height":93,"caption":"Life Lessons Learning"},"image":{"@id":"https:\/\/lifelessonslearning.hu\/#\/schema\/logo\/image\/"}}]}},"_links":{"self":[{"href":"https:\/\/lifelessonslearning.hu\/en\/wp-json\/wp\/v2\/pages\/13438","targetHints":{"allow":["GET"]}}],"collection":[{"href":"https:\/\/lifelessonslearning.hu\/en\/wp-json\/wp\/v2\/pages"}],"about":[{"href":"https:\/\/lifelessonslearning.hu\/en\/wp-json\/wp\/v2\/types\/page"}],"author":[{"embeddable":true,"href":"https:\/\/lifelessonslearning.hu\/en\/wp-json\/wp\/v2\/users\/1"}],"replies":[{"embeddable":true,"href":"https:\/\/lifelessonslearning.hu\/en\/wp-json\/wp\/v2\/comments?post=13438"}],"version-history":[{"count":13,"href":"https:\/\/lifelessonslearning.hu\/en\/wp-json\/wp\/v2\/pages\/13438\/revisions"}],"predecessor-version":[{"id":13661,"href":"https:\/\/lifelessonslearning.hu\/en\/wp-json\/wp\/v2\/pages\/13438\/revisions\/13661"}],"wp:attachment":[{"href":"https:\/\/lifelessonslearning.hu\/en\/wp-json\/wp\/v2\/media?parent=13438"}],"curies":[{"name":"wp","href":"https:\/\/api.w.org\/{rel}","templated":true}]}}